{"id":2358,"date":"2017-03-03T16:38:13","date_gmt":"2017-03-03T15:38:13","guid":{"rendered":"http:\/\/www.papatilleul.fr\/?page_id=2358"},"modified":"2023-07-07T18:00:04","modified_gmt":"2023-07-07T17:00:04","slug":"telechargements","status":"publish","type":"page","link":"https:\/\/www.jeux-abstraits.fr\/?page_id=2358","title":{"rendered":"DIY"},"content":{"rendered":"\t\t<div data-elementor-type=\"wp-page\" data-elementor-id=\"2358\" class=\"elementor elementor-2358\">\n\t\t\t\t\t\t<section class=\"elementor-section elementor-top-section elementor-element elementor-element-caccfa1 elementor-section-boxed elementor-section-height-default elementor-section-height-default\" data-id=\"caccfa1\" data-element_type=\"section\" data-e-type=\"section\">\n\t\t\t\t\t\t<div class=\"elementor-container elementor-column-gap-default\">\n\t\t\t\t\t<div class=\"elementor-column elementor-col-100 elementor-top-column elementor-element elementor-element-117a9720\" data-id=\"117a9720\" data-element_type=\"column\" data-e-type=\"column\">\n\t\t\t<div class=\"elementor-widget-wrap elementor-element-populated\">\n\t\t\t\t\t\t<div class=\"elementor-element elementor-element-22629422 elementor-widget elementor-widget-text-editor\" data-id=\"22629422\" data-element_type=\"widget\" data-e-type=\"widget\" data-widget_type=\"text-editor.default\">\n\t\t\t\t<div class=\"elementor-widget-container\">\n\t\t\t\t\t\t\t\t\t<hr \/>\n<p style=\"text-align: center;\"><strong>Des jeux \u00e0 faire soi-m\u00eame avec plein d&rsquo;id\u00e9es et de t\u00e9l\u00e9chargements. Do It Yourself !<span style=\"text-decoration: underline;\">\n<\/span><\/strong><\/p>\n\n<ul>\n \t<li><a href=\"https:\/\/www.jeux-abstraits.fr\/?p=3904\">Pi\u00e8ces de Grand Chess en impression 3D<\/a><\/li>\n \t<li><a href=\"https:\/\/www.jeux-abstraits.fr\/?p=3761\">Pi\u00e8ces de shogi occidentales en impression 3D<\/a><\/li>\n \t<li><a href=\"https:\/\/www.jeux-abstraits.fr\/?p=2814\">TONG, un jeu en print and play de Bruno Cathala<\/a><\/li>\n \t<li><a href=\"https:\/\/www.jeux-abstraits.fr\/?p=2214\">PAPER SOCCER en bloc-feuilles<\/a><\/li>\n \t<li><a href=\"https:\/\/www.jeux-abstraits.fr\/?p=2309\" target=\"_blank\" rel=\"noopener noreferrer\">Des plateaux \u00e0 imprimer et \u00e0 plastifier pour pions de 15 et 30 mm de diam\u00e8tre<\/a><\/li>\n \t<li><a href=\"https:\/\/www.jeux-abstraits.fr\/?p=560\" target=\"_blank\" rel=\"noopener noreferrer\">Un jeu de Hex 16&#215;16<\/a><\/li>\n \t<li><a href=\"https:\/\/www.jeux-abstraits.fr\/?p=2590\" rel=\"noopener\">Les pions en impression 3D pour SOUITCH<\/a><\/li>\n<\/ul>\t\t\t\t\t\t\t\t<\/div>\n\t\t\t\t<\/div>\n\t\t\t\t\t<\/div>\n\t\t<\/div>\n\t\t\t\t\t<\/div>\n\t\t<\/section>\n\t\t\t\t<\/div>\n\t\t","protected":false},"excerpt":{"rendered":"<p>Des jeux \u00e0 faire soi-m\u00eame avec plein d&rsquo;id\u00e9es et de t\u00e9l\u00e9chargements. Do It Yourself ! Pi\u00e8ces de Grand Chess en impression 3D Pi\u00e8ces de shogi occidentales en impression 3D TONG, un jeu en print and play de Bruno Cathala PAPER SOCCER en bloc-feuilles Des plateaux \u00e0 imprimer et \u00e0 plastifier pour pions de 15 et &hellip; <\/p>\n<p class=\"link-more\"><a href=\"https:\/\/www.jeux-abstraits.fr\/?page_id=2358\" class=\"more-link\">Continuer la lecture<span class=\"screen-reader-text\"> de &laquo;&nbsp;DIY&nbsp;&raquo;<\/span><\/a><\/p>\n","protected":false},"author":1,"featured_media":0,"parent":0,"menu_order":4,"comment_status":"closed","ping_status":"closed","template":"","meta":{"_exactmetrics_skip_tracking":false,"_exactmetrics_sitenote_active":false,"_exactmetrics_sitenote_note":"","_exactmetrics_sitenote_category":0,"footnotes":""},"class_list":["post-2358","page","type-page","status-publish","hentry"],"_links":{"self":[{"href":"https:\/\/www.jeux-abstraits.fr\/index.php?rest_route=\/wp\/v2\/pages\/2358","targetHints":{"allow":["GET"]}}],"collection":[{"href":"https:\/\/www.jeux-abstraits.fr\/index.php?rest_route=\/wp\/v2\/pages"}],"about":[{"href":"https:\/\/www.jeux-abstraits.fr\/index.php?rest_route=\/wp\/v2\/types\/page"}],"author":[{"embeddable":true,"href":"https:\/\/www.jeux-abstraits.fr\/index.php?rest_route=\/wp\/v2\/users\/1"}],"replies":[{"embeddable":true,"href":"https:\/\/www.jeux-abstraits.fr\/index.php?rest_route=%2Fwp%2Fv2%2Fcomments&post=2358"}],"version-history":[{"count":25,"href":"https:\/\/www.jeux-abstraits.fr\/index.php?rest_route=\/wp\/v2\/pages\/2358\/revisions"}],"predecessor-version":[{"id":6397,"href":"https:\/\/www.jeux-abstraits.fr\/index.php?rest_route=\/wp\/v2\/pages\/2358\/revisions\/6397"}],"wp:attachment":[{"href":"https:\/\/www.jeux-abstraits.fr\/index.php?rest_route=%2Fwp%2Fv2%2Fmedia&parent=2358"}],"curies":[{"name":"wp","href":"https:\/\/api.w.org\/{rel}","templated":true}]}}