{"id":2,"date":"2010-01-29T10:04:36","date_gmt":"2010-01-29T09:04:36","guid":{"rendered":"http:\/\/www.papatilleul.fr\/?page_id=2"},"modified":"2025-11-02T12:33:22","modified_gmt":"2025-11-02T11:33:22","slug":"a-propos","status":"publish","type":"page","link":"https:\/\/www.jeux-abstraits.fr\/?page_id=2","title":{"rendered":"\u00c0 propos"},"content":{"rendered":"\t\t<div data-elementor-type=\"wp-page\" data-elementor-id=\"2\" class=\"elementor elementor-2\">\n\t\t\t\t\t\t<section class=\"elementor-section elementor-top-section elementor-element elementor-element-c43daa0 elementor-section-stretched elementor-section-boxed elementor-section-height-default elementor-section-height-default\" data-id=\"c43daa0\" data-element_type=\"section\" data-e-type=\"section\" data-settings=\"{&quot;stretch_section&quot;:&quot;section-stretched&quot;}\">\n\t\t\t\t\t\t<div class=\"elementor-container elementor-column-gap-default\">\n\t\t\t\t\t<div class=\"elementor-column elementor-col-100 elementor-top-column elementor-element elementor-element-06820e1\" data-id=\"06820e1\" data-element_type=\"column\" data-e-type=\"column\">\n\t\t\t<div class=\"elementor-widget-wrap elementor-element-populated\">\n\t\t\t\t\t\t<div class=\"elementor-element elementor-element-42886c5 elementor-widget elementor-widget-text-editor\" data-id=\"42886c5\" data-element_type=\"widget\" data-e-type=\"widget\" data-widget_type=\"text-editor.default\">\n\t\t\t\t<div class=\"elementor-widget-container\">\n\t\t\t\t\t\t\t\t\t<h3 class=\"western\" align=\"center\"><span style=\"text-decoration: underline;\"><strong><span style=\"color: #000000; text-decoration: underline;\"><span style=\"font-family: Alef;\"><span style=\"font-size: x-large;\"><b>QU\u2019EST CE QU\u2019UN JEU <\/b><\/span><\/span><\/span><\/strong><strong><span style=\"color: #000000; text-decoration: underline;\"><span style=\"font-family: Alef;\"><span style=\"font-size: x-large;\"><b>COMBINATOIRE <\/b><\/span><\/span><\/span><\/strong><strong><span style=\"color: #000000; text-decoration: underline;\"><span style=\"font-family: Alef;\"><span style=\"font-size: x-large;\"><b>ABSTRAIT ?<\/b><\/span><\/span><\/span><\/strong><\/span><\/h3><div>\u00a0<\/div><p align=\"justify\"><span style=\"color: #000000;\"><span style=\"font-family: Alef;\"><span style=\"font-size: small;\">Appel\u00e9s aussi <\/span><\/span><\/span><strong><span style=\"color: #000000;\"><span style=\"font-family: Alef;\"><span style=\"font-size: small;\"><b>jeux de strat\u00e9gie<\/b><\/span><\/span><\/span><\/strong><span style=\"color: #000000;\"><span style=\"font-family: Alef;\"><span style=\"font-size: small;\">, <\/span><\/span><\/span><strong><span style=\"color: #000000;\"><span style=\"font-family: Alef;\"><span style=\"font-size: small;\"><b>jeux de r\u00e9flexion<\/b><\/span><\/span><\/span><\/strong> <span style=\"color: #000000;\"><span style=\"font-family: Alef;\"><span style=\"font-size: small;\">ou plus pr\u00e9cis\u00e9ment <\/span><\/span><\/span><strong><span style=\"color: #000000;\"><span style=\"font-family: Alef;\"><span style=\"font-size: small;\"><b>jeux combinatoires \u00e0 information parfaite<\/b><\/span><\/span><\/span><\/strong><span style=\"color: #000000;\"><span style=\"font-family: Alef;\"><span style=\"font-size: small;\">, on peut citer parmi les plus connus, les \u00e9checs, le jeu de dames, le morpion, puissance 4, abalone, othello, l\u2019awal\u00e9, le jeu de go, <\/span><\/span><\/span><span style=\"color: #000000;\"><span style=\"font-family: Alef;\"><span style=\"font-size: small;\">etc&#8230;<\/span><\/span><\/span><\/p><p align=\"justify\"><span style=\"color: #000000;\"><span style=\"font-family: Alef;\"><span style=\"font-size: small;\">Il s\u2019agit en tr\u00e8s grande majorit\u00e9 de jeux de pions et de pi\u00e8ces.<\/span><\/span><\/span><\/p><p align=\"justify\"><span style=\"color: #000000;\"><span style=\"font-family: Alef;\"><span style=\"font-size: small;\">Jeux abstraits est une appellation g\u00e9n\u00e9rique pour citer les jeux qui r\u00e9pondent aux 4 points ci-dessous. Ce terme est cependant inexacte. Il s\u2019agit tr\u00e8s pr\u00e9cis\u00e9ment de <b>jeux combinatoires \u00e0 information parfaite et sans hasard<\/b>.<\/span><\/span><\/span><\/p><p align=\"justify\"><span style=\"font-family: Alef;\"><span style=\"color: #000000;\"><span style=\"font-size: small;\">Le terme \u00abcombinatoire\u00bb vient du fait que les joueurs doivent toujours pouvoir estimer d\u2019autres positions accessibles, chose impossible si le hasard intervient. Cet aspect contribue au tr\u00e8s fort int\u00e9r\u00eat que portent les math\u00e9maticiens et les scientifiques pour ce genre de jeux.<\/span><\/span><\/span><\/p><p align=\"justify\"><span style=\"font-family: Alef;\"><span style=\"color: #000000;\"><span style=\"font-size: small;\">Quant au<\/span><\/span><span style=\"color: #000000;\"><span style=\"font-size: small;\"> terme \u00ababstrait\u00bb, <\/span><\/span><span style=\"color: #000000;\"><span style=\"font-size: small;\">il<\/span><\/span><span style=\"color: #000000;\"><span style=\"font-size: small;\"> d\u00e9signe <\/span><\/span><span style=\"color: #000000;\"><span style=\"font-size: small;\">plut\u00f4t<\/span><\/span><span style=\"color: #000000;\"><span style=\"font-size: small;\"> l\u2019absence de th\u00e8me. <\/span><\/span><span style=\"color: #000000;\"><span style=\"font-size: small;\">Cependant beaucoup de jeux combinatoires qui ont \u00e9t\u00e9 \u00e9dit\u00e9s en ont un,<\/span><\/span><span style=\"color: #000000;\"><span style=\"font-size: small;\"> m<\/span><\/span><span style=\"color: #000000;\"><span style=\"font-size: small;\">ais il s\u2019agit tr\u00e8s souvent d\u2019un d\u00e9guisement commercial pas toujours en rapport avec les m\u00e9canismes. Que le th\u00e8me soit accessoire ou absent, leur principal int\u00e9r\u00eat ludique repose sur la r\u00e9flexion pure et un aspect th\u00e9orique uniquement li\u00e9s aux m\u00e9canismes.<\/span><\/span><\/span><\/p><p align=\"justify\"><span style=\"font-family: Alef;\"><span style=\"color: #000000;\"><span style=\"font-size: small;\">\u00a0<\/span><\/span><\/span><\/p><p align=\"center\"><span style=\"color: #000000;\"><span style=\"font-family: Alef;\"><span style=\"font-size: large;\"><b>C\u2019est un type de jeux de soci\u00e9t\u00e9 qui r\u00e9pond \u00e0 4 points de d\u00e9finition :<\/b><\/span><\/span><\/span><\/p><h6 class=\"western\" align=\"justify\"><strong><span style=\"color: #000000;\"><span style=\"font-family: Alef;\"><span style=\"font-size: small;\"><b>Il oppose deux joueurs ou deux \u00e9quipes<\/b><\/span><\/span><\/span><\/strong><\/h6><p align=\"justify\"><span style=\"color: #000000;\"><span style=\"font-family: Alef;\"><span style=\"font-size: small;\">Il y a toujours un camp contre un autre camp mais certains peuvent se jouer \u00e0 plus de 2 joueurs. Dans ce cas, pour \u00eatre vraiment combinatoire, ils seront jou\u00e9s entre deux \u00e9quipes compos\u00e9es du m\u00eame nombre de joueurs. Par exemple, un jeu comme Les Dames Chinoises \u00e0 6 joueurs devra \u00eatre jou\u00e9 \u00e0 3 contre 3. D\u00e8s qu\u2019il y a plus de deux camps, un aspect diplomatique peut faire appara\u00eetre des alliances ou des <a href=\"https:\/\/fr.wikipedia.org\/wiki\/Faiseur_de_rois\" target=\"_blank\" rel=\"noopener\"><span style=\"text-decoration: underline;\">faiseurs de rois<\/span><\/a>, volontairement ou pas, au risque de d\u00e9s\u00e9quilibrer fortement le jeu. Ceux qui se jouent uniquement en nombre impair ne peuvent donc pas en faire partie.<\/span><\/span><\/span><\/p><p align=\"justify\"><strong><span style=\"color: #000000;\"><span style=\"font-family: Alef;\"><span style=\"font-size: small;\"><b>Les joueurs jouent \u00e0 tour de r\u00f4le<\/b><\/span><\/span><\/span><\/strong><\/p><p align=\"justify\"><span style=\"color: #000000;\"><span style=\"font-family: Alef;\"><span style=\"font-size: small;\">Le premier joueur joue, puis le second, puis \u00e0 nouveau le premier, etc \u2026 . Cela n\u2019exclut absolument pas qu\u2019un joueur puisse avoir la possibilit\u00e9 ou le droit de jouer plusieurs fois \u00e0 son tour. Le tour par tour signifie surtout que les joueurs ne jouent jamais simultan\u00e9ment.<\/span><\/span><\/span><\/p><p align=\"justify\"><strong><span style=\"color: #000000;\"><span style=\"font-family: Alef;\"><span style=\"font-size: small;\"><b>Tous les \u00e9l\u00e9ments sont connus<\/b><\/span><\/span><\/span><\/strong><\/p><p align=\"justify\"><span style=\"color: #000000;\"><span style=\"font-family: Alef;\"><span style=\"font-size: small;\">L<\/span><\/span><\/span><span style=\"color: #000000;\"><span style=\"font-family: Alef;\"><span style=\"font-size: small;\">es <\/span><\/span><\/span><span style=\"color: #000000;\"><span style=\"font-family: Alef;\"><span style=\"font-size: small;\">cartes<\/span><\/span><\/span><span style=\"color: #000000;\"><span style=\"font-family: Alef;\"><span style=\"font-size: small;\"> faces cach\u00e9es, <\/span><\/span><\/span><span style=\"color: #000000;\"><span style=\"font-family: Alef;\"><span style=\"font-size: small;\">l<\/span><\/span><\/span><span style=\"color: #000000;\"><span style=\"font-family: Alef;\"><span style=\"font-size: small;\">es pioches, ou encore les objectifs secrets y sont <\/span><\/span><\/span><span style=\"color: #000000;\"><span style=\"font-family: Alef;\"><span style=\"font-size: small;\">totalement <\/span><\/span><\/span><span style=\"color: #000000;\"><span style=\"font-family: Alef;\"><span style=\"font-size: small;\">absents. \u00c0 tout instant de la partie, le joueur conna\u00eet sa position, celle de son adversaire et toutes les diff\u00e9rentes possibilit\u00e9s de coups offertes par des \u00e9l\u00e9ments toujours pleinement affich\u00e9s. Aussi surprenant que cela puisse para\u00eetre, les jeux combinatoires abstraits ne font jamais appel \u00e0 la m\u00e9moire dans le cours d\u2019une partie.<\/span><\/span><\/span><\/p><p align=\"justify\"><strong><span style=\"color: #000000;\"><span style=\"font-family: Alef;\"><span style=\"font-size: small;\"><b>Le hasard n\u2019intervient pas pendant le d\u00e9roulement du jeu.<\/b><\/span><\/span><\/span><\/strong><\/p><p align=\"justify\"><span style=\"color: #000000;\"><span style=\"font-family: Alef;\"><span style=\"font-size: small;\">Les accessoires g\u00e9n\u00e9rant du hasard comme les jets de d\u00e9s ou les lanc\u00e9s de cadran y sont \u00e9trangers. Cela n\u2019exclue pas le fait que la mise en place d\u2019une partie peut \u00eatre organis\u00e9e de mani\u00e8re totalement al\u00e9atoire. Mais une fois que tous les composants ont \u00e9t\u00e9 pos\u00e9s de mani\u00e8re bien visible alors la partie peut commencer et fini le hasard ! Les jeux aux m\u00e9canismes qui demandent une certaine habilet\u00e9 sont \u00e9galement exclus.<\/span><\/span><\/span><\/p><p style=\"text-align: center;\" align=\"justify\">&#8212;&#8212;&#8212;&#8212;&#8212;&#8212;&#8211;<\/p><p align=\"justify\"><span style=\"color: #000000;\"><span style=\"font-family: Alef;\"><span style=\"font-size: small;\">Vous l\u2019aurez remarqu\u00e9, les jeux combinatoires abstraits s\u2019\u00e9vertuent \u00e0 \u00eatre le plus juste et le plus \u00e9quitable possible en \u00e9cartant toutes formes de hasard et situations impr\u00e9visibles. C\u2019est notamment pour cela qu\u2019ils sont parfois appel\u00e9s \u00absport de l\u2019esprit\u00bb.<\/span><\/span><\/span><\/p><p align=\"justify\"><span style=\"color: #000000;\"><span style=\"font-family: Alef;\"><span style=\"font-size: small;\">Cependant, il arrive que le mat\u00e9riel des deux camps soit diff\u00e9rent et m\u00eame compl\u00e8tement d\u00e9s\u00e9quilibr\u00e9. On parle alors de jeux asym\u00e9triques o\u00f9 l\u2019objectif n\u2019est souvent pas le m\u00eame pour chaque joueur.<\/span><\/span><\/span><\/p><p align=\"justify\"><span style=\"color: #000000;\"><span style=\"font-family: Alef;\"><span style=\"font-size: small;\">L\u2019autre petit d\u00e9s\u00e9quilibre repose sur le fait que celui qui joue en deuxi\u00e8me aura un retard sur le joueur qui a jou\u00e9 en premier. N\u00e9anmoins beaucoup de jeux compensent ce d\u00e9s\u00e9quilibre soit par des points de r\u00e8gles sp\u00e9cifiques, soit par une nature propre au jeu o\u00f9 il est tr\u00e8s difficile de reconna\u00eetre l\u2019avantage du premier trait.<\/span><\/span><\/span><\/p><h1 class=\"western\" align=\"center\"><span style=\"color: #000000;\"><span style=\"font-family: Alef;\"><span style=\"font-size: large;\"><b>LES CARACT\u00c9RISTIQUES DES JEUX ABSTRAITS<\/b><\/span><\/span><\/span><\/h1><h2 class=\"western\" align=\"center\"><strong><span style=\"color: #000000;\"><span style=\"font-family: Alef;\"><span style=\"font-size: small;\"><b>LES CAT\u00c9GORIES PAR BUT DU JEU<\/b><\/span><\/span><\/span><\/strong><\/h2><p align=\"justify\"><strong><span style=\"color: #000000;\"><span style=\"font-family: Alef;\"><span style=\"font-size: small;\"><b>CAPTURE <\/b><\/span><\/span><\/span><\/strong><span style=\"color: #000000;\"><span style=\"font-family: Alef;\"><span style=\"font-size: small;\">: Le but du jeu est de capturer ou de bloquer un ou plusieurs pions en particulier.<\/span><\/span><\/span><\/p><p align=\"justify\"><strong><span style=\"color: #000000;\"><span style=\"font-family: Alef;\"><span style=\"font-size: small;\"><b>\u00c9LIMINATION <\/b><\/span><\/span><\/span><\/strong><span style=\"color: #000000;\"><span style=\"font-family: Alef;\"><span style=\"font-size: small;\">: Il faut capturer tous les pions de son adversaire ou un certain nombre. Dans cette cat\u00e9gorie, la notion de perte de mat\u00e9riel est tr\u00e8s importante, conduisant \u00e0 bouleverser les rapports de force et \u00e0 cr\u00e9er des situations perdantes difficiles \u00e0 rattraper<\/span><\/span><\/span><\/p><p align=\"justify\"><strong><span style=\"color: #000000;\"><span style=\"font-family: Alef;\"><span style=\"font-size: small;\"><b>BLOCAGE <\/b><\/span><\/span><\/span><\/strong><span style=\"color: #000000;\"><span style=\"font-family: Alef;\"><span style=\"font-size: small;\">: Il faut bloquer son adversaire. Autrement dit, si un joueur n\u2019a plus de coup possible \u00e0 son tour, il perd la partie (ou la gagne).<\/span><\/span><\/span><\/p><p align=\"justify\"><strong><span style=\"color: #000000;\"><span style=\"font-family: Alef;\"><span style=\"font-size: small;\"><b>SCORE <\/b><\/span><\/span><\/span><\/strong><span style=\"color: #000000;\"><span style=\"font-family: Alef;\"><span style=\"font-size: small;\">: L&rsquo;objectif est d&rsquo;atteindre un maximum de quelquechose (points, pions, cases &#8230;). Il y a souvent une derni\u00e8re phase de jeu pour le comptage des points. Celui qui en a le plus gagne <\/span><\/span><\/span><span style=\"color: #000000;\"><span style=\"font-family: Alef;\"><span style=\"font-size: small;\">(ou le moins). Cat\u00e9gorie \u00ab\u00a0fourre-tout\u00a0\u00bb o\u00f9 l&rsquo;on trouve des jeux tr\u00e8s diff\u00e9rents, ce qui est beaucoup moins vrai pour les autres cat\u00e9gories.<\/span><\/span><\/span><\/p><p align=\"justify\"><span style=\"color: #000000;\"><span style=\"font-family: Alef;\"><span style=\"font-size: small;\"><b>ATTEINTE <\/b>: Les joueurs doivent emmener un ou plusieurs pions (parfois tous) \u00e0 un endroit pr\u00e9cis du plateau.<\/span><\/span><\/span><\/p><p align=\"justify\"><strong><span style=\"color: #000000;\"><span style=\"font-family: Alef;\"><span style=\"font-size: small;\"><b>CONNEXION <\/b><\/span><\/span><\/span><\/strong><span style=\"color: #000000;\"><span style=\"font-family: Alef;\"><span style=\"font-size: small;\">: Le but est de connecter ses pions, souvent pour relier les bords du plateau.<\/span><\/span><\/span><\/p><p align=\"justify\"><strong><span style=\"color: #000000;\"><span style=\"font-family: Alef;\"><span style=\"font-size: small;\"><b>ARRANGEMENT <\/b><\/span><\/span><\/span><\/strong><span style=\"color: #000000;\"><span style=\"font-family: Alef;\"><span style=\"font-size: small;\">: Il faut constituer un arrangement ou une forme pr\u00e9cise avec ses pions.<\/span><\/span><\/span><\/p><h2 class=\"western\" align=\"center\"><strong><span style=\"color: #000000;\"><span style=\"font-family: Alef;\"><span style=\"font-size: small;\"><b>LE NOMBRE DE JOUEURS<\/b><\/span><\/span><\/span><\/strong><\/h2><p align=\"justify\"><span style=\"color: #000000;\"><span style=\"font-family: Alef;\"><span style=\"font-size: small;\">La plupart se jouent en 1 contre 1 mais certains peuvent se jouer \u00e0 plus encore.<\/span><\/span><\/span><\/p><h2 class=\"western\" align=\"center\"><strong><span style=\"color: #000000;\"><span style=\"font-family: Alef;\"><span style=\"font-size: small;\"><b>LE R\u00d4LE<\/b><\/span><\/span><\/span><\/strong><\/h2><p align=\"justify\"><span style=\"color: #000000;\"><span style=\"font-family: Alef;\"><span style=\"font-size: small;\">Le r\u00f4le est <strong>sym\u00e9trique<\/strong> quand les joueurs disposent du m\u00eame mat\u00e9riel et ont le m\u00eame but du jeu. Et inversement il est dit <strong>asym\u00e9trique<\/strong>.<\/span><\/span><\/span><\/p><h2 class=\"western\" align=\"center\"><strong><span style=\"color: #000000;\"><span style=\"font-family: Alef;\"><span style=\"font-size: small;\"><b>LE PLATEAU<\/b><\/span><\/span><\/span><\/strong><\/h2><p align=\"justify\"><span style=\"color: #000000;\"><span style=\"font-family: Alef;\"><span style=\"font-size: small;\">Il peut \u00eatre <strong>lin\u00e9aire<\/strong>, <strong>circulaire<\/strong>, <strong>plan<\/strong> ou en <strong>3D<\/strong>. Il peut \u00eatre \u00e9galement absent.<\/span><\/span><\/span><\/p><p align=\"justify\"><span style=\"color: #000000;\"><span style=\"font-family: Alef;\"><span style=\"font-size: small;\">Le pavage est <strong>r\u00e9gulier<\/strong> quand il est compos\u00e9 d\u2019un seul type de cases g\u00e9om\u00e9triques imbriqu\u00e9es (carr\u00e9s, triangles ou hexagones). Il est dit <strong>semi-r\u00e9gulier<\/strong> quand il est compos\u00e9 de plusieurs formes g\u00e9om\u00e9triques imbriqu\u00e9es. Il peut s\u2019agir \u00e9galement de grilles o\u00f9 les pions sont jou\u00e9s sur les intersections (sommets), sur les faces ou sur les ar\u00eates.<\/span><\/span><\/span><\/p><p align=\"justify\"><span style=\"color: #000000;\"><span style=\"font-family: Alef;\"><span style=\"font-size: small;\">Un plateau est <strong>homog\u00e8ne<\/strong> quand toutes les cases ne servent qu\u2019\u00e0 marquer l\u2019emplacement des pions. Il est dit <strong>non-homog\u00e8ne<\/strong> quand certaines cases sont sp\u00e9ciales et peuvent avoir un effet particulier.<\/span><\/span><\/span><\/p><h2 class=\"western\" align=\"center\"><strong><span style=\"color: #000000;\"><span style=\"font-family: Alef;\"><span style=\"font-size: small;\"><b>LES PIONS<\/b><\/span><\/span><\/span><\/strong><\/h2><p align=\"justify\"><span style=\"color: #000000;\"><span style=\"font-family: Alef;\"><span style=\"font-size: small;\">Ils sont <strong>s\u00e9par\u00e9s<\/strong> quand chaque joueur poss\u00e8de les siens. Ils sont <strong>communs ou neutres<\/strong> quand ils appartiennent \u00e0 tous.<\/span><\/span><\/span><\/p><p align=\"justify\"><span style=\"color: #000000;\"><span style=\"font-family: Alef;\"><span style=\"font-size: small;\">Un pion est <strong>simple<\/strong> quand il occupe une seule case et <strong>compos\u00e9<\/strong> quand il en occupe plusieurs.<\/span><\/span><\/span><\/p><p align=\"justify\"><span style=\"color: #000000;\"><span style=\"font-family: Alef;\"><span style=\"font-size: small;\">Les pions sont <strong>identiques<\/strong> quand ils sont tous les m\u00eames. Ils sont <strong>vari\u00e9s<\/strong> quand il y en a de plusieurs types diff\u00e9rents (on parle alors de pi\u00e8ces).<\/span><\/span><\/span><\/p><p align=\"justify\"><span style=\"color: #000000;\"><span style=\"font-family: Alef;\"><span style=\"font-size: small;\">Ils peuvent aussi avoir des caract\u00e8res secondaires comme \u00eatre <strong>r\u00e9versibles<\/strong>, <strong>orientables<\/strong> ou avoir des <strong>valeurs num\u00e9riques<\/strong>.<\/span><\/span><\/span><\/p><h2 class=\"western\" align=\"center\"><strong><span style=\"color: #000000;\"><span style=\"font-family: Alef;\"><span style=\"font-size: small;\"><b>LES M\u00c9CANISMES<\/b><\/span><\/span><\/span><\/strong><\/h2><p align=\"justify\"><span style=\"color: #000000;\"><span style=\"font-family: Alef;\"><span style=\"font-size: small;\">Il s\u2019agit des d\u00e9placements, des prises, des poses et toutes autres actions sur les pions, les pi\u00e8ces et les cases offertes par les r\u00e8gles du jeu.<\/span><\/span><\/span><\/p><h2 class=\"western\" align=\"center\"><strong><span style=\"color: #000000;\"><span style=\"font-family: Alef;\"><span style=\"font-size: small;\"><b>PARTISAN \/ IMPARTIAL<\/b><\/span><\/span><\/span><\/strong><\/h2><p align=\"justify\"><span style=\"color: #000000;\"><span style=\"font-family: Alef;\"><span style=\"font-size: small;\">Un jeu partisan est un jeu pour lequel les coups disponibles d\u00e9pendent non seulement de la position, mais aussi du joueur dont c&rsquo;est le tour. Les joueurs disposent tr\u00e8s souvent de leur propre couleur et ne peuvent donc pas jouer un coup identique \u00e0 partir d&rsquo;une position quelconque.<\/span><\/span><\/span><\/p><p align=\"justify\"><span style=\"color: #000000;\"><span style=\"font-family: Alef;\"><span style=\"font-size: small;\"> Inversement, un jeu impartial est un jeu dans lequel les coups autoris\u00e9s d\u00e9pendent uniquement de la position et non pas du joueur dont c&rsquo;est le tour. Autrement dit, les m\u00eames coups sont possibles pour les deux joueurs, dans n\u2019importe quelle position. Le premier joueur qui ne peut plus jouer \u00e0 son tour a perdu (ou gagner). Il s&rsquo;agit de jeux de blocage avec des pions communs et dont <a href=\"https:\/\/fr.wikipedia.org\/wiki\/Jeux_de_Nim\" target=\"_blank\" rel=\"noopener\"><span style=\"text-decoration: underline;\"><strong>le jeu de NIM<\/strong><\/span><\/a> en est l\u2019exemple principal.<\/span><\/span><\/span><\/p>\t\t\t\t\t\t\t\t<\/div>\n\t\t\t\t<\/div>\n\t\t\t\t\t<\/div>\n\t\t<\/div>\n\t\t\t\t\t<\/div>\n\t\t<\/section>\n\t\t\t\t<\/div>\n\t\t","protected":false},"excerpt":{"rendered":"<p>QU\u2019EST CE QU\u2019UN JEU COMBINATOIRE ABSTRAIT ? \u00a0 Appel\u00e9s aussi jeux de strat\u00e9gie, jeux de r\u00e9flexion ou plus pr\u00e9cis\u00e9ment jeux combinatoires \u00e0 information parfaite, on peut citer parmi les plus connus, les \u00e9checs, le jeu de dames, le morpion, puissance 4, abalone, othello, l\u2019awal\u00e9, le jeu de go, etc&#8230; Il s\u2019agit en tr\u00e8s grande majorit\u00e9 &hellip; <\/p>\n<p class=\"link-more\"><a href=\"https:\/\/www.jeux-abstraits.fr\/?page_id=2\" class=\"more-link\">Continuer la lecture<span class=\"screen-reader-text\"> de &laquo;&nbsp;\u00c0 propos&nbsp;&raquo;<\/span><\/a><\/p>\n","protected":false},"author":1,"featured_media":0,"parent":0,"menu_order":1,"comment_status":"closed","ping_status":"closed","template":"","meta":{"_exactmetrics_skip_tracking":false,"_exactmetrics_sitenote_active":false,"_exactmetrics_sitenote_note":"","_exactmetrics_sitenote_category":0,"footnotes":""},"class_list":["post-2","page","type-page","status-publish","hentry"],"_links":{"self":[{"href":"https:\/\/www.jeux-abstraits.fr\/index.php?rest_route=\/wp\/v2\/pages\/2","targetHints":{"allow":["GET"]}}],"collection":[{"href":"https:\/\/www.jeux-abstraits.fr\/index.php?rest_route=\/wp\/v2\/pages"}],"about":[{"href":"https:\/\/www.jeux-abstraits.fr\/index.php?rest_route=\/wp\/v2\/types\/page"}],"author":[{"embeddable":true,"href":"https:\/\/www.jeux-abstraits.fr\/index.php?rest_route=\/wp\/v2\/users\/1"}],"replies":[{"embeddable":true,"href":"https:\/\/www.jeux-abstraits.fr\/index.php?rest_route=%2Fwp%2Fv2%2Fcomments&post=2"}],"version-history":[{"count":296,"href":"https:\/\/www.jeux-abstraits.fr\/index.php?rest_route=\/wp\/v2\/pages\/2\/revisions"}],"predecessor-version":[{"id":14170,"href":"https:\/\/www.jeux-abstraits.fr\/index.php?rest_route=\/wp\/v2\/pages\/2\/revisions\/14170"}],"wp:attachment":[{"href":"https:\/\/www.jeux-abstraits.fr\/index.php?rest_route=%2Fwp%2Fv2%2Fmedia&parent=2"}],"curies":[{"name":"wp","href":"https:\/\/api.w.org\/{rel}","templated":true}]}}